{"id":181,"date":"2013-01-12T16:18:33","date_gmt":"2013-01-12T16:18:33","guid":{"rendered":"http:\/\/www.asv-kaldenhausen.de\/?page_id=181"},"modified":"2023-05-02T16:43:49","modified_gmt":"2023-05-02T14:43:49","slug":"home","status":"publish","type":"page","link":"https:\/\/asv-kaldenhausen.de\/","title":{"rendered":""},"content":{"rendered":"<p><strong>Willkommen beim ASV Kaldenhausen<\/strong><\/p>\n<p>Der ASV Kaldenhausen wurde im Jahr 1872 als traditioneller Sch\u00fctzenverein mit dem bekannten Brauchtum von Sch\u00fctzenk\u00f6nigen, Umz\u00fcgen, Fahnen und Sch\u00fctzenfesten gegr\u00fcndet. Im Laufe der Jahre kam der sportliche Aspekt des Schie\u00dfens immer mehr in den Vordergrund, und seit den 70er Jahren ist ausschlie\u00dflich der Schie\u00dfsport Zweck des Vereins.<\/p>\n<p>Aus diesem Grunde verzichten wir seitdem auf Uniformen oder Umz\u00fcge bei Sch\u00fctzenfesten.<\/p>\n<p>Der Schie\u00dfstand befindet sich unterhalb der st\u00e4dtischen Sporthalle an der Krefelder Stra\u00dfe 86 in Duisburg-Rheinhausen.<\/p>\n<p>Das Training findet freitags ab 17:30 Uhr statt.<\/p>\n<p>Fast alle Disziplinen des Deutschen Sch\u00fctzenbundes werden bei uns mit Gewehr, Pistole oder Revolver geschossen:<\/p>\n<p>Luftgewehr<br \/>\nLuftpistole<br \/>\nKK-Gewehr<br \/>\nSportpistole bis Kaliber .38<br \/>\nStandardpistole<br \/>\nFreie Pistole<br \/>\nOlympische Schnellfeuer-Pistole<\/p>\n<p>Gastsch\u00fctzen sind nach vorheriger Vereinbarung und gegen einen kleinen Kostenbeitrag willkommen.<\/p>\n","protected":false},"excerpt":{"rendered":"<p>Willkommen beim ASV Kaldenhausen Der ASV Kaldenhausen wurde im Jahr 1872 als traditioneller Sch\u00fctzenverein mit dem bekannten Brauchtum von Sch\u00fctzenk\u00f6nigen, Umz\u00fcgen, Fahnen und Sch\u00fctzenfesten gegr\u00fcndet. Im Laufe der Jahre kam der sportliche Aspekt des Schie\u00dfens immer mehr in den Vordergrund, &hellip; <a href=\"https:\/\/asv-kaldenhausen.de\/\">Weiterlesen <span class=\"meta-nav\">&rarr;<\/span><\/a><\/p>\n","protected":false},"author":1,"featured_media":0,"parent":0,"menu_order":0,"comment_status":"closed","ping_status":"closed","template":"","meta":{"footnotes":""},"class_list":["post-181","page","type-page","status-publish","hentry"],"_links":{"self":[{"href":"https:\/\/asv-kaldenhausen.de\/index.php?rest_route=\/wp\/v2\/pages\/181","targetHints":{"allow":["GET"]}}],"collection":[{"href":"https:\/\/asv-kaldenhausen.de\/index.php?rest_route=\/wp\/v2\/pages"}],"about":[{"href":"https:\/\/asv-kaldenhausen.de\/index.php?rest_route=\/wp\/v2\/types\/page"}],"author":[{"embeddable":true,"href":"https:\/\/asv-kaldenhausen.de\/index.php?rest_route=\/wp\/v2\/users\/1"}],"replies":[{"embeddable":true,"href":"https:\/\/asv-kaldenhausen.de\/index.php?rest_route=%2Fwp%2Fv2%2Fcomments&post=181"}],"version-history":[{"count":45,"href":"https:\/\/asv-kaldenhausen.de\/index.php?rest_route=\/wp\/v2\/pages\/181\/revisions"}],"predecessor-version":[{"id":1624,"href":"https:\/\/asv-kaldenhausen.de\/index.php?rest_route=\/wp\/v2\/pages\/181\/revisions\/1624"}],"wp:attachment":[{"href":"https:\/\/asv-kaldenhausen.de\/index.php?rest_route=%2Fwp%2Fv2%2Fmedia&parent=181"}],"curies":[{"name":"wp","href":"https:\/\/api.w.org\/{rel}","templated":true}]}}